{"id":16673,"date":"2024-08-13T16:52:36","date_gmt":"2024-08-13T16:52:36","guid":{"rendered":"https:\/\/biocheers.com\/?page_id=16673"},"modified":"2024-08-14T16:35:20","modified_gmt":"2024-08-14T16:35:20","slug":"contactos","status":"publish","type":"page","link":"https:\/\/biocheers.com\/pt\/contactos\/","title":{"rendered":"Contactos"},"content":{"rendered":"<div class=\"vc_row wpb_row vc_row-fluid\"><div class=\"wpb_column vc_column_container vc_col-sm-4\"><div class=\"vc_column-inner\"><div class=\"wpb_wrapper\">\n\t<div class=\"wpb_text_column wpb_content_element \" >\n\t\t<div class=\"wpb_wrapper\">\n\t\t\t<h2 class=\"wp-block-heading\">Vamos conversar?<\/h2>\n<p>Na Biocheers temos uma equipa dedicada para ajudar.<\/p>\n<p>Trabalhamos diariamente para entregar aos nossos clientes os produtos mais frescos e com melhor qualidade.<\/p>\n<p>Entre em contacto connosco atrav\u00e9s do preenchimento do formul\u00e1rio ao lado.<\/p>\n<p>Estamos certos que teremos a solu\u00e7\u00e3o para si :).<\/p>\n\n\t\t<\/div>\n\t<\/div>\n\n\t<div class=\"wpb_text_column wpb_content_element \" >\n\t\t<div class=\"wpb_wrapper\">\n\t\t\t<ul>\n<li>Telefone: <strong>255 735 063<\/strong><\/li>\n<li>Email: <a href=\"mailto:geral@biocheers.pt\"><strong>geral@biocheers.pt<\/strong><\/a><\/li>\n<li>Morada: <a href=\"https:\/\/www.google.com\/maps\/place\/\/data=!4m2!3m1!1s0xd24918c33864c23:0x6434b5798b141587?sa=X&amp;ved=1t:8290&amp;ictx=111\" target=\"_blank\" rel=\"noopener\"><strong>R. Zona Industrial II 2, 4560-709 Penafiel<\/strong><\/a><\/li>\n<\/ul>\n\n\t\t<\/div>\n\t<\/div>\n<\/div><\/div><\/div><div class=\"wpb_column vc_column_container vc_col-sm-8\"><div class=\"vc_column-inner\"><div class=\"wpb_wrapper\"><div class=\"wpforms-container wpforms-container-full\" id=\"wpforms-16676\"><form id=\"wpforms-form-16676\" class=\"wpforms-validate wpforms-form wpforms-ajax-form\" data-formid=\"16676\" method=\"post\" enctype=\"multipart\/form-data\" action=\"\/pt\/wp-json\/wp\/v2\/pages\/16673\" data-token=\"c88ca411106b252df0692a9d7f478094\" data-token-time=\"1775300755\"><noscript class=\"wpforms-error-noscript\">Please enable JavaScript in your browser to complete this form.<\/noscript><div class=\"wpforms-field-container\"><div id=\"wpforms-16676-field_1-container\" class=\"wpforms-field wpforms-field-name\" data-field-id=\"1\"><label class=\"wpforms-field-label\" for=\"wpforms-16676-field_1\">Nome <span class=\"wpforms-required-label\">*<\/span><\/label><input type=\"text\" id=\"wpforms-16676-field_1\" class=\"wpforms-field-large wpforms-field-required\" name=\"wpforms[fields][1]\" required><\/div><div id=\"wpforms-16676-field_2-container\" class=\"wpforms-field wpforms-field-email\" data-field-id=\"2\"><label class=\"wpforms-field-label\" for=\"wpforms-16676-field_2\">Email <span class=\"wpforms-required-label\">*<\/span><\/label><input type=\"email\" id=\"wpforms-16676-field_2\" class=\"wpforms-field-large wpforms-field-required\" name=\"wpforms[fields][2]\" spellcheck=\"false\" required><\/div><div id=\"wpforms-16676-field_5-container\" class=\"wpforms-field wpforms-field-text\" data-field-id=\"5\"><label class=\"wpforms-field-label\" for=\"wpforms-16676-field_5\">Telefone<\/label><input type=\"text\" id=\"wpforms-16676-field_5\" class=\"wpforms-field-large\" name=\"wpforms[fields][5]\" ><\/div><div id=\"wpforms-16676-field_3-container\" class=\"wpforms-field wpforms-field-textarea\" data-field-id=\"3\"><label class=\"wpforms-field-label\" for=\"wpforms-16676-field_3\">Mensagem <span class=\"wpforms-required-label\">*<\/span><\/label><textarea id=\"wpforms-16676-field_3\" class=\"wpforms-field-medium wpforms-field-required\" name=\"wpforms[fields][3]\" required><\/textarea><\/div><\/div><!-- .wpforms-field-container --><div class=\"wpforms-submit-container\" ><input type=\"hidden\" name=\"wpforms[id]\" value=\"16676\"><input type=\"hidden\" name=\"page_title\" value=\"\"><input type=\"hidden\" name=\"page_url\" value=\"https:\/\/biocheers.com\/pt\/wp-json\/wp\/v2\/pages\/16673\"><button type=\"submit\" name=\"wpforms[submit]\" id=\"wpforms-submit-16676\" class=\"wpforms-submit\" data-alt-text=\"Sending\u2026\" data-submit-text=\"Submit\" aria-live=\"assertive\" value=\"wpforms-submit\">Submit<\/button><img loading=\"lazy\" decoding=\"async\" src=\"https:\/\/biocheers.com\/wp-content\/plugins\/wpforms-lite\/assets\/images\/submit-spin.svg\" class=\"wpforms-submit-spinner\" style=\"display: none;\" width=\"26\" height=\"26\" alt=\"Loading\"><\/div><\/form><\/div>  <!-- .wpforms-container --><\/div><\/div><\/div><\/div><div class=\"vc_row wpb_row vc_row-fluid\"><div class=\"wpb_column vc_column_container vc_col-sm-12\"><div class=\"vc_column-inner\"><div class=\"wpb_wrapper\"><div class=\"wpb_gmaps_widget wpb_content_element\"><div class=\"wpb_wrapper\"><div class=\"wpb_map_wraper\"><iframe src=\"https:\/\/www.google.com\/maps\/embed?pb=!1m18!1m12!1m3!1d68173.99538945321!2d-8.637917243605745!3d41.3823740816027!2m3!1f0!2f0!3f0!3m2!1i1024!2i768!4f13.1!3m3!1m2!1s0xd24918c33864c23%3A0x6434b5798b141587!2sBiocheers!5e0!3m2!1spt-PT!2spt!4v1723582528353!5m2!1spt-PT!2spt\" width=\"600\" height=\"450\" style=\"border:0;\" allowfullscreen=\"\" loading=\"lazy\" referrerpolicy=\"no-referrer-when-downgrade\"><\/iframe><\/div><\/div><\/div><\/div><\/div><\/div><\/div>\n","protected":false},"excerpt":{"rendered":"Vamos conversar? Na Biocheers temos uma equipa dedicada para ajudar. Trabalhamos diariamente para entregar aos nossos clientes os produtos mais frescos e com melhor qualidade. Entre em contacto connosco atrav\u00e9s do preenchimento do formul\u00e1rio ao lado. Estamos certos que teremos a solu\u00e7\u00e3o para si :). Telefone: 255 735 063 Email: geral@biocheers.pt Morada: R. Zona Industrial [...]","protected":false},"author":1,"featured_media":0,"parent":0,"menu_order":0,"comment_status":"closed","ping_status":"closed","template":"","meta":{"footnotes":""},"class_list":["post-16673","page","type-page","status-publish","hentry"],"_links":{"self":[{"href":"https:\/\/biocheers.com\/pt\/wp-json\/wp\/v2\/pages\/16673"}],"collection":[{"href":"https:\/\/biocheers.com\/pt\/wp-json\/wp\/v2\/pages"}],"about":[{"href":"https:\/\/biocheers.com\/pt\/wp-json\/wp\/v2\/types\/page"}],"author":[{"embeddable":true,"href":"https:\/\/biocheers.com\/pt\/wp-json\/wp\/v2\/users\/1"}],"replies":[{"embeddable":true,"href":"https:\/\/biocheers.com\/pt\/wp-json\/wp\/v2\/comments?post=16673"}],"version-history":[{"count":14,"href":"https:\/\/biocheers.com\/pt\/wp-json\/wp\/v2\/pages\/16673\/revisions"}],"predecessor-version":[{"id":16747,"href":"https:\/\/biocheers.com\/pt\/wp-json\/wp\/v2\/pages\/16673\/revisions\/16747"}],"wp:attachment":[{"href":"https:\/\/biocheers.com\/pt\/wp-json\/wp\/v2\/media?parent=16673"}],"curies":[{"name":"wp","href":"https:\/\/api.w.org\/{rel}","templated":true}]}}