{"id":16732,"date":"2024-08-14T14:18:22","date_gmt":"2024-08-14T14:18:22","guid":{"rendered":"https:\/\/biocheers.com\/?page_id=16732"},"modified":"2024-08-14T17:00:36","modified_gmt":"2024-08-14T17:00:36","slug":"sobre-nos","status":"publish","type":"page","link":"https:\/\/biocheers.com\/pt\/sobre-nos\/","title":{"rendered":"Sobre N\u00f3s"},"content":{"rendered":"<div class=\"vc_row wpb_row vc_row-fluid\"><div class=\"wpb_column vc_column_container vc_col-sm-8\"><div class=\"vc_column-inner\"><div class=\"wpb_wrapper\">\n\t<div class=\"wpb_text_column wpb_content_element\" >\n\t\t<div class=\"wpb_wrapper\">\n\t\t\t<h1>Sobre n\u00f3s<\/h1>\n<p>A BioCheers \u00e9 uma empresa que produz e distribu\u00ed produtos alimentares biol\u00f3gicos. A miss\u00e3o da entidade passa por garantir uma variedade de produtos agroalimentares biol\u00f3gicos dispon\u00edveis, todo o ano, ao consumidor.<\/p>\n<p>A BioCheers disp\u00f5e de uma gama de produtos alimentares biol\u00f3gicos durante todo o ano. A sazonalidade \u00e9 um dos fatores que condiciona este tipo de neg\u00f3cios, contudo, consegue ser diminu\u00edda atrav\u00e9s da importa\u00e7\u00e3o de produtos alimentares de pa\u00edses com condi\u00e7\u00f5es atmosf\u00e9ricas favor\u00e1veis ao crescimento dos mesmos. As varia\u00e7\u00f5es atmosf\u00e9ricas dentro de Portugal permitem ainda aumentar a disponibilidade de produtos ao longo do ano, da\u00ed a import\u00e2ncia do crescimento do Grupo Cheers e da sua expans\u00e3o territorial.<\/p>\n<p>A diversifica\u00e7\u00e3o de produtos \u00e9 o que torna a BioCheers no principal player de comercializa\u00e7\u00e3o de produtos biol\u00f3gicos em Portugal. Os produtos podem ser encontrados \u00e0 venda atrav\u00e9s da marca pr\u00f3pria BioCheers ou da utiliza\u00e7\u00e3o da marca branca dos seus clientes.<\/p>\n<p>A empresa produz e comercializa v\u00e1rios tipos de produtos alimentares. Destacamos a n\u00edvel de produ\u00e7\u00e3o Mirtilos e Framboesas. A n\u00edvel de comercializa\u00e7\u00e3o destaque para os Berries (Mirtilos, Framboesas, Amoras e Morangos), Espargos, Abacates, Cogumelos, Batata Doce, Uvas, Maracuj\u00e1s, Baby Kiwi, P\u00eara, entre outros.<\/p>\n\n\t\t<\/div>\n\t<\/div>\n<div class=\"vc_empty_space\"   style=\"height: 50px\"><span class=\"vc_empty_space_inner\"><\/span><\/div>\n\t<div class=\"wpb_text_column wpb_content_element\" >\n\t\t<div class=\"wpb_wrapper\">\n\t\t\t<h3 style=\"text-align: left;\">As nossas certifica\u00e7\u00f5es<\/h3>\n\n\t\t<\/div>\n\t<\/div>\n<\/div><\/div><\/div><div class=\"wpb_column vc_column_container vc_col-sm-4\"><div class=\"vc_column-inner vc_custom_1723648810089\"><div class=\"wpb_wrapper\">\n\t<div  class=\"wpb_single_image wpb_content_element vc_align_center\">\n\t\t\n\t\t<figure class=\"wpb_wrapper vc_figure\">\n\t\t\t<div class=\"vc_single_image-wrapper   vc_box_border_grey\"><img loading=\"lazy\" decoding=\"async\" width=\"300\" height=\"300\" src=\"https:\/\/biocheers.com\/wp-content\/uploads\/2024\/08\/Biocheers-300x300.png\" class=\"vc_single_image-img attachment-medium\" alt=\"\" srcset=\"https:\/\/biocheers.com\/wp-content\/uploads\/2024\/08\/Biocheers-300x300.png 300w, https:\/\/biocheers.com\/wp-content\/uploads\/2024\/08\/Biocheers-1024x1024.png 1024w, https:\/\/biocheers.com\/wp-content\/uploads\/2024\/08\/Biocheers-150x150.png 150w, https:\/\/biocheers.com\/wp-content\/uploads\/2024\/08\/Biocheers-768x768.png 768w, https:\/\/biocheers.com\/wp-content\/uploads\/2024\/08\/Biocheers-12x12.png 12w, https:\/\/biocheers.com\/wp-content\/uploads\/2024\/08\/Biocheers-100x100.png 100w, https:\/\/biocheers.com\/wp-content\/uploads\/2024\/08\/Biocheers.png 1080w\" sizes=\"(max-width: 300px) 100vw, 300px\" \/><\/div>\n\t\t<\/figure>\n\t<\/div>\n<\/div><\/div><\/div><\/div><div class=\"vc_row wpb_row vc_row-fluid\"><div class=\"wpb_column vc_column_container vc_col-sm-3\"><div class=\"vc_column-inner\"><div class=\"wpb_wrapper\">\n\t<div  class=\"wpb_single_image wpb_content_element vc_align_center\">\n\t\t\n\t\t<figure class=\"wpb_wrapper vc_figure\">\n\t\t\t<div class=\"vc_single_image-wrapper   vc_box_border_grey\"><img loading=\"lazy\" decoding=\"async\" width=\"150\" height=\"150\" src=\"https:\/\/biocheers.com\/wp-content\/uploads\/2024\/08\/biocheers-certificacoes-pt-bio-05-certis-150x150.jpg\" class=\"vc_single_image-img attachment-thumbnail\" alt=\"\" srcset=\"https:\/\/biocheers.com\/wp-content\/uploads\/2024\/08\/biocheers-certificacoes-pt-bio-05-certis-150x150.jpg 150w, https:\/\/biocheers.com\/wp-content\/uploads\/2024\/08\/biocheers-certificacoes-pt-bio-05-certis-300x300.jpg 300w, https:\/\/biocheers.com\/wp-content\/uploads\/2024\/08\/biocheers-certificacoes-pt-bio-05-certis-768x768.jpg 768w, https:\/\/biocheers.com\/wp-content\/uploads\/2024\/08\/biocheers-certificacoes-pt-bio-05-certis-12x12.jpg 12w, https:\/\/biocheers.com\/wp-content\/uploads\/2024\/08\/biocheers-certificacoes-pt-bio-05-certis-100x100.jpg 100w, https:\/\/biocheers.com\/wp-content\/uploads\/2024\/08\/biocheers-certificacoes-pt-bio-05-certis.jpg 800w\" sizes=\"(max-width: 150px) 100vw, 150px\" \/><\/div>\n\t\t<\/figure>\n\t<\/div>\n<\/div><\/div><\/div><div class=\"wpb_column vc_column_container vc_col-sm-3\"><div class=\"vc_column-inner\"><div class=\"wpb_wrapper\">\n\t<div  class=\"wpb_single_image wpb_content_element vc_align_center\">\n\t\t\n\t\t<figure class=\"wpb_wrapper vc_figure\">\n\t\t\t<div class=\"vc_single_image-wrapper   vc_box_border_grey\"><img loading=\"lazy\" decoding=\"async\" width=\"150\" height=\"150\" src=\"https:\/\/biocheers.com\/wp-content\/uploads\/2024\/08\/biocheers-certificacoes-certis-150x150.jpg\" class=\"vc_single_image-img attachment-thumbnail\" alt=\"\" srcset=\"https:\/\/biocheers.com\/wp-content\/uploads\/2024\/08\/biocheers-certificacoes-certis-150x150.jpg 150w, https:\/\/biocheers.com\/wp-content\/uploads\/2024\/08\/biocheers-certificacoes-certis-300x300.jpg 300w, https:\/\/biocheers.com\/wp-content\/uploads\/2024\/08\/biocheers-certificacoes-certis-768x768.jpg 768w, https:\/\/biocheers.com\/wp-content\/uploads\/2024\/08\/biocheers-certificacoes-certis-12x12.jpg 12w, https:\/\/biocheers.com\/wp-content\/uploads\/2024\/08\/biocheers-certificacoes-certis-100x100.jpg 100w, https:\/\/biocheers.com\/wp-content\/uploads\/2024\/08\/biocheers-certificacoes-certis.jpg 800w\" sizes=\"(max-width: 150px) 100vw, 150px\" \/><\/div>\n\t\t<\/figure>\n\t<\/div>\n<\/div><\/div><\/div><div class=\"wpb_column vc_column_container vc_col-sm-3\"><div class=\"vc_column-inner\"><div class=\"wpb_wrapper\">\n\t<div  class=\"wpb_single_image wpb_content_element vc_align_center\">\n\t\t\n\t\t<figure class=\"wpb_wrapper vc_figure\">\n\t\t\t<div class=\"vc_single_image-wrapper   vc_box_border_grey\"><img loading=\"lazy\" decoding=\"async\" width=\"150\" height=\"150\" src=\"https:\/\/biocheers.com\/wp-content\/uploads\/2024\/08\/biocheers-certificacoes-global-gap-150x150.jpg\" class=\"vc_single_image-img attachment-thumbnail\" alt=\"\" srcset=\"https:\/\/biocheers.com\/wp-content\/uploads\/2024\/08\/biocheers-certificacoes-global-gap-150x150.jpg 150w, https:\/\/biocheers.com\/wp-content\/uploads\/2024\/08\/biocheers-certificacoes-global-gap-300x300.jpg 300w, https:\/\/biocheers.com\/wp-content\/uploads\/2024\/08\/biocheers-certificacoes-global-gap-768x768.jpg 768w, https:\/\/biocheers.com\/wp-content\/uploads\/2024\/08\/biocheers-certificacoes-global-gap-12x12.jpg 12w, https:\/\/biocheers.com\/wp-content\/uploads\/2024\/08\/biocheers-certificacoes-global-gap-100x100.jpg 100w, https:\/\/biocheers.com\/wp-content\/uploads\/2024\/08\/biocheers-certificacoes-global-gap.jpg 800w\" sizes=\"(max-width: 150px) 100vw, 150px\" \/><\/div>\n\t\t<\/figure>\n\t<\/div>\n<\/div><\/div><\/div><div class=\"wpb_column vc_column_container vc_col-sm-3\"><div class=\"vc_column-inner\"><div class=\"wpb_wrapper\">\n\t<div  class=\"wpb_single_image wpb_content_element vc_align_center\">\n\t\t\n\t\t<figure class=\"wpb_wrapper vc_figure\">\n\t\t\t<div class=\"vc_single_image-wrapper   vc_box_border_grey\"><img loading=\"lazy\" decoding=\"async\" width=\"150\" height=\"150\" src=\"https:\/\/biocheers.com\/wp-content\/uploads\/2024\/08\/biocheers-certificacoes-smeta-150x150.jpg\" class=\"vc_single_image-img attachment-thumbnail\" alt=\"\" srcset=\"https:\/\/biocheers.com\/wp-content\/uploads\/2024\/08\/biocheers-certificacoes-smeta-150x150.jpg 150w, https:\/\/biocheers.com\/wp-content\/uploads\/2024\/08\/biocheers-certificacoes-smeta-300x300.jpg 300w, https:\/\/biocheers.com\/wp-content\/uploads\/2024\/08\/biocheers-certificacoes-smeta-768x768.jpg 768w, https:\/\/biocheers.com\/wp-content\/uploads\/2024\/08\/biocheers-certificacoes-smeta-12x12.jpg 12w, https:\/\/biocheers.com\/wp-content\/uploads\/2024\/08\/biocheers-certificacoes-smeta-100x100.jpg 100w, https:\/\/biocheers.com\/wp-content\/uploads\/2024\/08\/biocheers-certificacoes-smeta.jpg 800w\" sizes=\"(max-width: 150px) 100vw, 150px\" \/><\/div>\n\t\t<\/figure>\n\t<\/div>\n<\/div><\/div><\/div><\/div><div class=\"vc_row wpb_row vc_row-fluid\"><div class=\"wpb_column vc_column_container vc_col-sm-3\"><div class=\"vc_column-inner\"><div class=\"wpb_wrapper\"><div class=\"vc_empty_space\"   style=\"height: 50px\"><span class=\"vc_empty_space_inner\"><\/span><\/div>\n\t<div  class=\"wpb_single_image wpb_content_element vc_align_center\">\n\t\t\n\t\t<figure class=\"wpb_wrapper vc_figure\">\n\t\t\t<div class=\"vc_single_image-wrapper   vc_box_border_grey\"><img loading=\"lazy\" decoding=\"async\" width=\"300\" height=\"300\" src=\"https:\/\/biocheers.com\/wp-content\/uploads\/2024\/08\/Grupo-Cheers-300x300.png\" class=\"vc_single_image-img attachment-medium\" alt=\"\" srcset=\"https:\/\/biocheers.com\/wp-content\/uploads\/2024\/08\/Grupo-Cheers-300x300.png 300w, https:\/\/biocheers.com\/wp-content\/uploads\/2024\/08\/Grupo-Cheers-1024x1024.png 1024w, https:\/\/biocheers.com\/wp-content\/uploads\/2024\/08\/Grupo-Cheers-150x150.png 150w, https:\/\/biocheers.com\/wp-content\/uploads\/2024\/08\/Grupo-Cheers-768x768.png 768w, https:\/\/biocheers.com\/wp-content\/uploads\/2024\/08\/Grupo-Cheers-12x12.png 12w, https:\/\/biocheers.com\/wp-content\/uploads\/2024\/08\/Grupo-Cheers-100x100.png 100w, https:\/\/biocheers.com\/wp-content\/uploads\/2024\/08\/Grupo-Cheers.png 1080w\" sizes=\"(max-width: 300px) 100vw, 300px\" \/><\/div>\n\t\t<\/figure>\n\t<\/div>\n<\/div><\/div><\/div><div class=\"wpb_column vc_column_container vc_col-sm-9\"><div class=\"vc_column-inner\"><div class=\"wpb_wrapper\"><div class=\"vc_empty_space\"   style=\"height: 50px\"><span class=\"vc_empty_space_inner\"><\/span><\/div>\n\t<div class=\"wpb_text_column wpb_content_element\" >\n\t\t<div class=\"wpb_wrapper\">\n\t\t\t<h2>Biocheers e o Grupo Cheers<\/h2>\n<p>O Grupo Cheers \u00e9 constitu\u00eddo por um conjunto de empresas que se focam na produ\u00e7\u00e3o e distribui\u00e7\u00e3o de produtos agroalimentares em Portugal e no Mundo, permitindo que os mesmos cheguem de forma segura e com qualidade ao consumidor final, durante todo o ano.<\/p>\n<p>Fundada em 2013, a BioCheers nasce da paix\u00e3o do fundador Daniel Queir\u00f3s pelos cogumelos. Criados em troncos de madeira, o que lhes confere um sabor e propriedades \u00fanicas, foi atrav\u00e9s deste produto que a rela\u00e7\u00e3o com os clientes nasceu. \u00c9 interessante ver como a liga\u00e7\u00e3o direta e pessoal com os clientes contribuiu para o crescimento da marca. O facto de a BioCheers ter expandido a sua gama de produtos para incluir uma variedade de produtos biol\u00f3gicos de produtores nacionais em 2015 sugere um compromisso cont\u00ednuo com a oferta de alimentos saud\u00e1veis e de qualidade, al\u00e9m de um apoio \u00e0 produ\u00e7\u00e3o local.<\/p>\n<p>Com a expans\u00e3o dos neg\u00f3cios e parcerias, foram observadas oportunidades significativas de alargar o leque de comercializa\u00e7\u00e3o de produtos no mercado nacional e internacional. Fruto disto, d\u00e1-se a aposta no mercado biol\u00f3gico e mercado convencional, com a produ\u00e7\u00e3o pr\u00f3pria de alguns produtos como o Mirtilo (atrav\u00e9s da marca BioCheers) e nas Framboesas. Para al\u00e9m da produ\u00e7\u00e3o pr\u00f3pria, podemos afirmar que o Grupo Cheers tem hoje um mercado amplo e com um enorme potencial de crescimento.<\/p>\n<p>Os seus principais objetivos passam por:<\/p>\n<ul>\n<li><strong><em>Excel\u00eancia na Qualidade<\/em>:<\/strong> Garantir a produ\u00e7\u00e3o de alimentos de alta qualidade, seguindo padr\u00f5es rigorosos de seguran\u00e7a alimentar e atendendo \u00e0s expectativas dos clientes.<\/li>\n<li><strong><em>Inova\u00e7\u00e3o de Produtos<\/em>:<\/strong> Investir em parcerias que potenciem a disponibilidade de novos produtos alimentares, adaptando-se \u00e0s tend\u00eancias de mercado e \u00e0s prefer\u00eancias dos consumidores.<\/li>\n<li><strong><em>Sustentabilidade Ambiental<\/em>:<\/strong> Adotar pr\u00e1ticas sustent\u00e1veis na produ\u00e7\u00e3o e distribui\u00e7\u00e3o de alimentos, minimizando o impacto ambiental e promovendo a responsabilidade social corporativa.<\/li>\n<li><strong><em>Efici\u00eancia Operacional<\/em>:<\/strong> Melhorar constantemente os processos de produ\u00e7\u00e3o, distribui\u00e7\u00e3o e log\u00edstica para aumentar a efici\u00eancia operacional e reduzir custos.<\/li>\n<li><strong><em>Expans\u00e3o de Mercado<\/em>:<\/strong> Identificar oportunidades de crescimento em novos mercados, tanto a n\u00edvel nacional quanto internacional, para aumentar a participa\u00e7\u00e3o de mercado.<\/li>\n<li><strong><em>Foco no Cliente<\/em>:<\/strong> Manter uma forte rela\u00e7\u00e3o com os clientes, percebendo as suas necessidades e fornecer um atendimento excecional.<\/li>\n<li><strong><em>Diversifica\u00e7\u00e3o de Produtos<\/em>:<\/strong> Oferecer uma ampla gama de produtos alimentares para atender a diferentes segmentos de mercado e reduzir a depend\u00eancia de um \u00fanico produto.<\/li>\n<li><strong><em>Gest\u00e3o de Riscos<\/em>:<\/strong> Desenvolver estrat\u00e9gias eficazes de gest\u00e3o de riscos para lidar com desafios como flutua\u00e7\u00f5es nos pre\u00e7os e interrup\u00e7\u00f5es na cadeia de distribui\u00e7\u00e3o.<\/li>\n<li><strong><em>Rentabilidade Financeira<\/em>:<\/strong> Garantir a rentabilidade financeira atrav\u00e9s de uma gest\u00e3o financeira s\u00f3lida, controlo de custos e maximiza\u00e7\u00e3o dos lucros.<\/li>\n<li><strong><em>Cuidado com a Sa\u00fade e Seguran\u00e7a<\/em>:<\/strong> Priorizar a seguran\u00e7a alimentar, estabelecendo procedimentos de qualidade regidos pelas regras espec\u00edficas do setor alimentar.<\/li>\n<\/ul>\n\n\t\t<\/div>\n\t<\/div>\n<\/div><\/div><\/div><\/div><div class=\"vc_row wpb_row vc_row-fluid\"><div class=\"wpb_column vc_column_container vc_col-sm-12\"><div class=\"vc_column-inner\"><div class=\"wpb_wrapper\"><div class=\"vc_empty_space\"   style=\"height: 60px\"><span class=\"vc_empty_space_inner\"><\/span><\/div>\n\t<div class=\"wpb_text_column wpb_content_element\" >\n\t\t<div class=\"wpb_wrapper\">\n\t\t\t<h3 style=\"text-align: center;\">As marcas do Grupo Cheers<\/h3>\n\n\t\t<\/div>\n\t<\/div>\n\n\t<div  class=\"wpb_single_image wpb_content_element vc_align_center\">\n\t\t\n\t\t<figure class=\"wpb_wrapper vc_figure\">\n\t\t\t<div class=\"vc_single_image-wrapper   vc_box_border_grey\"><img loading=\"lazy\" decoding=\"async\" width=\"300\" height=\"300\" src=\"https:\/\/biocheers.com\/wp-content\/uploads\/2024\/08\/Grupo-Cheers-300x300.png\" class=\"vc_single_image-img attachment-medium\" alt=\"\" srcset=\"https:\/\/biocheers.com\/wp-content\/uploads\/2024\/08\/Grupo-Cheers-300x300.png 300w, https:\/\/biocheers.com\/wp-content\/uploads\/2024\/08\/Grupo-Cheers-1024x1024.png 1024w, https:\/\/biocheers.com\/wp-content\/uploads\/2024\/08\/Grupo-Cheers-150x150.png 150w, https:\/\/biocheers.com\/wp-content\/uploads\/2024\/08\/Grupo-Cheers-768x768.png 768w, https:\/\/biocheers.com\/wp-content\/uploads\/2024\/08\/Grupo-Cheers-12x12.png 12w, https:\/\/biocheers.com\/wp-content\/uploads\/2024\/08\/Grupo-Cheers-100x100.png 100w, https:\/\/biocheers.com\/wp-content\/uploads\/2024\/08\/Grupo-Cheers.png 1080w\" sizes=\"(max-width: 300px) 100vw, 300px\" \/><\/div>\n\t\t<\/figure>\n\t<\/div>\n<div class=\"vc_row wpb_row vc_inner vc_row-fluid\"><div class=\"wpb_column vc_column_container vc_col-sm-4\"><div class=\"vc_column-inner\"><div class=\"wpb_wrapper\">\n\t<div  class=\"wpb_single_image wpb_content_element vc_align_center\">\n\t\t\n\t\t<figure class=\"wpb_wrapper vc_figure\">\n\t\t\t<div class=\"vc_single_image-wrapper   vc_box_border_grey\"><img loading=\"lazy\" decoding=\"async\" width=\"150\" height=\"150\" src=\"https:\/\/biocheers.com\/wp-content\/uploads\/2024\/08\/Biocheers-150x150.png\" class=\"vc_single_image-img attachment-thumbnail\" alt=\"\" srcset=\"https:\/\/biocheers.com\/wp-content\/uploads\/2024\/08\/Biocheers-150x150.png 150w, https:\/\/biocheers.com\/wp-content\/uploads\/2024\/08\/Biocheers-300x300.png 300w, https:\/\/biocheers.com\/wp-content\/uploads\/2024\/08\/Biocheers-1024x1024.png 1024w, https:\/\/biocheers.com\/wp-content\/uploads\/2024\/08\/Biocheers-768x768.png 768w, https:\/\/biocheers.com\/wp-content\/uploads\/2024\/08\/Biocheers-12x12.png 12w, https:\/\/biocheers.com\/wp-content\/uploads\/2024\/08\/Biocheers-100x100.png 100w, https:\/\/biocheers.com\/wp-content\/uploads\/2024\/08\/Biocheers.png 1080w\" sizes=\"(max-width: 150px) 100vw, 150px\" \/><\/div>\n\t\t<\/figure>\n\t<\/div>\n<\/div><\/div><\/div><div class=\"wpb_column vc_column_container vc_col-sm-4\"><div class=\"vc_column-inner\"><div class=\"wpb_wrapper\">\n\t<div  class=\"wpb_single_image wpb_content_element vc_align_center\">\n\t\t\n\t\t<figure class=\"wpb_wrapper vc_figure\">\n\t\t\t<div class=\"vc_single_image-wrapper   vc_box_border_grey\"><img loading=\"lazy\" decoding=\"async\" width=\"150\" height=\"150\" src=\"https:\/\/biocheers.com\/wp-content\/uploads\/2024\/08\/Ciclos-e-Conceitos-150x150.png\" class=\"vc_single_image-img attachment-thumbnail\" alt=\"\" srcset=\"https:\/\/biocheers.com\/wp-content\/uploads\/2024\/08\/Ciclos-e-Conceitos-150x150.png 150w, https:\/\/biocheers.com\/wp-content\/uploads\/2024\/08\/Ciclos-e-Conceitos-300x300.png 300w, https:\/\/biocheers.com\/wp-content\/uploads\/2024\/08\/Ciclos-e-Conceitos-1024x1024.png 1024w, https:\/\/biocheers.com\/wp-content\/uploads\/2024\/08\/Ciclos-e-Conceitos-768x768.png 768w, https:\/\/biocheers.com\/wp-content\/uploads\/2024\/08\/Ciclos-e-Conceitos-12x12.png 12w, https:\/\/biocheers.com\/wp-content\/uploads\/2024\/08\/Ciclos-e-Conceitos-100x100.png 100w, https:\/\/biocheers.com\/wp-content\/uploads\/2024\/08\/Ciclos-e-Conceitos.png 1080w\" sizes=\"(max-width: 150px) 100vw, 150px\" \/><\/div>\n\t\t<\/figure>\n\t<\/div>\n<\/div><\/div><\/div><div class=\"wpb_column vc_column_container vc_col-sm-4\"><div class=\"vc_column-inner\"><div class=\"wpb_wrapper\">\n\t<div  class=\"wpb_single_image wpb_content_element vc_align_center\">\n\t\t\n\t\t<figure class=\"wpb_wrapper vc_figure\">\n\t\t\t<div class=\"vc_single_image-wrapper   vc_box_border_grey\"><img loading=\"lazy\" decoding=\"async\" width=\"150\" height=\"150\" src=\"https:\/\/biocheers.com\/wp-content\/uploads\/2024\/08\/Terranica-Portugal-150x150.png\" class=\"vc_single_image-img attachment-thumbnail\" alt=\"\" srcset=\"https:\/\/biocheers.com\/wp-content\/uploads\/2024\/08\/Terranica-Portugal-150x150.png 150w, https:\/\/biocheers.com\/wp-content\/uploads\/2024\/08\/Terranica-Portugal-300x300.png 300w, https:\/\/biocheers.com\/wp-content\/uploads\/2024\/08\/Terranica-Portugal-1024x1024.png 1024w, https:\/\/biocheers.com\/wp-content\/uploads\/2024\/08\/Terranica-Portugal-768x768.png 768w, https:\/\/biocheers.com\/wp-content\/uploads\/2024\/08\/Terranica-Portugal-12x12.png 12w, https:\/\/biocheers.com\/wp-content\/uploads\/2024\/08\/Terranica-Portugal-100x100.png 100w, https:\/\/biocheers.com\/wp-content\/uploads\/2024\/08\/Terranica-Portugal.png 1080w\" sizes=\"(max-width: 150px) 100vw, 150px\" \/><\/div>\n\t\t<\/figure>\n\t<\/div>\n<\/div><\/div><\/div><\/div><\/div><\/div><\/div><\/div>","protected":false},"excerpt":{"rendered":"Sobre n\u00f3s A BioCheers \u00e9 uma empresa que produz e distribu\u00ed produtos alimentares biol\u00f3gicos. A miss\u00e3o da entidade passa por garantir uma variedade de produtos agroalimentares biol\u00f3gicos dispon\u00edveis, todo o ano, ao consumidor. A BioCheers disp\u00f5e de uma gama de produtos alimentares biol\u00f3gicos durante todo o ano. A sazonalidade \u00e9 um dos fatores que condiciona [...]","protected":false},"author":1,"featured_media":16733,"parent":0,"menu_order":0,"comment_status":"closed","ping_status":"closed","template":"","meta":{"footnotes":""},"class_list":["post-16732","page","type-page","status-publish","has-post-thumbnail","hentry"],"_links":{"self":[{"href":"https:\/\/biocheers.com\/pt\/wp-json\/wp\/v2\/pages\/16732"}],"collection":[{"href":"https:\/\/biocheers.com\/pt\/wp-json\/wp\/v2\/pages"}],"about":[{"href":"https:\/\/biocheers.com\/pt\/wp-json\/wp\/v2\/types\/page"}],"author":[{"embeddable":true,"href":"https:\/\/biocheers.com\/pt\/wp-json\/wp\/v2\/users\/1"}],"replies":[{"embeddable":true,"href":"https:\/\/biocheers.com\/pt\/wp-json\/wp\/v2\/comments?post=16732"}],"version-history":[{"count":3,"href":"https:\/\/biocheers.com\/pt\/wp-json\/wp\/v2\/pages\/16732\/revisions"}],"predecessor-version":[{"id":16756,"href":"https:\/\/biocheers.com\/pt\/wp-json\/wp\/v2\/pages\/16732\/revisions\/16756"}],"wp:featuredmedia":[{"embeddable":true,"href":"https:\/\/biocheers.com\/pt\/wp-json\/wp\/v2\/media\/16733"}],"wp:attachment":[{"href":"https:\/\/biocheers.com\/pt\/wp-json\/wp\/v2\/media?parent=16732"}],"curies":[{"name":"wp","href":"https:\/\/api.w.org\/{rel}","templated":true}]}}